{"id":338,"date":"2022-02-17T16:21:39","date_gmt":"2022-02-17T16:21:39","guid":{"rendered":"https:\/\/auto-prudente.com\/contacts\/"},"modified":"2023-01-23T14:41:47","modified_gmt":"2023-01-23T14:41:47","slug":"contacts","status":"publish","type":"page","link":"https:\/\/auto-prudente.com\/fr\/contacts\/","title":{"rendered":"Contacts"},"content":{"rendered":"<p>[et_pb_section fb_built=&#8221;1&#8243; _builder_version=&#8221;4.16&#8243; _module_preset=&#8221;default&#8221; background_image=&#8221;https:\/\/auto-prudente.com\/wp-content\/uploads\/2022\/02\/ap-bg02-hires.webp&#8221; height=&#8221;360px&#8221; height_tablet=&#8221;340px&#8221; height_phone=&#8221;300px&#8221; height_last_edited=&#8221;on|phone&#8221; da_disable_devices=&#8221;off|off|off&#8221; global_colors_info=&#8221;{}&#8221; height__hover_enabled=&#8221;off|desktop&#8221; da_is_popup=&#8221;off&#8221; da_exit_intent=&#8221;off&#8221; da_has_close=&#8221;on&#8221; da_alt_close=&#8221;off&#8221; da_dark_close=&#8221;off&#8221; da_not_modal=&#8221;on&#8221; da_is_singular=&#8221;off&#8221; da_with_loader=&#8221;off&#8221; da_has_shadow=&#8221;on&#8221;][\/et_pb_section][et_pb_section fb_built=&#8221;1&#8243; _builder_version=&#8221;4.16&#8243; _module_preset=&#8221;default&#8221; background_color=&#8221;RGBA(255,255,255,0)&#8221; custom_margin=&#8221;-34px||0px||false|false&#8221; custom_padding=&#8221;0px||0px||true|false&#8221; da_disable_devices=&#8221;off|off|off&#8221; border_width_bottom=&#8221;4px&#8221; border_color_bottom=&#8221;#F6B511&#8243; global_colors_info=&#8221;{}&#8221; da_is_popup=&#8221;off&#8221; da_exit_intent=&#8221;off&#8221; da_has_close=&#8221;on&#8221; da_alt_close=&#8221;off&#8221; da_dark_close=&#8221;off&#8221; da_not_modal=&#8221;on&#8221; da_is_singular=&#8221;off&#8221; da_with_loader=&#8221;off&#8221; da_has_shadow=&#8221;on&#8221;][et_pb_row _builder_version=&#8221;4.16&#8243; _module_preset=&#8221;default&#8221; background_color=&#8221;RGBA(255,255,255,0)&#8221; custom_margin=&#8221;||0px||false|false&#8221; custom_padding=&#8221;0px||0px||false|false&#8221; global_colors_info=&#8221;{}&#8221;][et_pb_column type=&#8221;4_4&#8243; _builder_version=&#8221;4.16&#8243; _module_preset=&#8221;default&#8221; background_enable_color=&#8221;off&#8221; custom_padding=&#8221;||0px||false|false&#8221; global_colors_info=&#8221;{}&#8221;][et_pb_text module_id=&#8221;page-title&#8221; _builder_version=&#8221;4.18.0&#8243; _module_preset=&#8221;default&#8221; header_line_height=&#8221;1.3em&#8221; header_2_font=&#8221;|600|||||||&#8221; header_2_text_color=&#8221;#FFFFFF&#8221; header_2_letter_spacing=&#8221;0.05rem&#8221; header_2_line_height=&#8221;1.2em&#8221; transform_scale=&#8221;100%|100%&#8221; width_last_edited=&#8221;off|phone&#8221; custom_margin=&#8221;||0px||false|false&#8221; custom_padding=&#8221;||0px||false|false&#8221; custom_css_main_element=&#8221;display:flex!important;&#8221; border_radii=&#8221;off|0.25rem|0.25rem||&#8221; global_colors_info=&#8221;{}&#8221;]<\/p>\n<h2>ENTRONS EN CONTACT<\/h2>\n<p>[\/et_pb_text][\/et_pb_column][\/et_pb_row][\/et_pb_section][et_pb_section fb_built=&#8221;1&#8243; _builder_version=&#8221;4.16&#8243; _module_preset=&#8221;default&#8221; background_color=&#8221;RGBA(255,255,255,0)&#8221; custom_padding=&#8221;30px|||||&#8221; da_disable_devices=&#8221;off|off|off&#8221; global_colors_info=&#8221;{}&#8221; da_is_popup=&#8221;off&#8221; da_exit_intent=&#8221;off&#8221; da_has_close=&#8221;on&#8221; da_alt_close=&#8221;off&#8221; da_dark_close=&#8221;off&#8221; da_not_modal=&#8221;on&#8221; da_is_singular=&#8221;off&#8221; da_with_loader=&#8221;off&#8221; da_has_shadow=&#8221;on&#8221;][et_pb_row column_structure=&#8221;2_3,1_3&#8243; use_custom_gutter=&#8221;on&#8221; gutter_width=&#8221;2&#8243; _builder_version=&#8221;4.16&#8243; _module_preset=&#8221;default&#8221; global_colors_info=&#8221;{}&#8221;][et_pb_column type=&#8221;2_3&#8243; _builder_version=&#8221;4.16&#8243; _module_preset=&#8221;default&#8221; background_color=&#8221;#FFFFFF&#8221; background_image=&#8221;https:\/\/auto-prudente.com\/wp-content\/uploads\/2022\/02\/bg-ap-logo.svg&#8221; background_size=&#8221;initial&#8221; background_position=&#8221;top_right&#8221; custom_padding=&#8221;2rem|2rem|2rem|2rem|true|true&#8221; border_radii=&#8221;on|10px|10px|10px|10px&#8221; box_shadow_style=&#8221;preset3&#8243; global_colors_info=&#8221;{}&#8221;][et_pb_text _builder_version=&#8221;4.18.0&#8243; _module_preset=&#8221;default&#8221; header_font=&#8221;Segoe UI||||||||&#8221; header_4_font=&#8221;|900|||||||&#8221; header_4_text_color=&#8221;#009CB6&#8243; transform_scale=&#8221;100%|100%&#8221; global_colors_info=&#8221;{}&#8221;]<\/p>\n<h4><strong class=\"d-block\">Adresse:<\/strong><\/h4>\n<p><span>Auto Prudente, Rent a Car<\/span><br \/><span>Estrada de Santa Eul\u00e1lia, Edif\u00edcio Ondas do Mar &#8211; Loja E<\/span><br \/><span>8200-269 Albufeira &#8211; Portugal<\/span><\/p>\n<p>[\/et_pb_text][et_pb_text module_class=&#8221;contact_data&#8221; _builder_version=&#8221;4.19.4&#8243; _module_preset=&#8221;default&#8221; link_text_color=&#8221;#009CB6&#8243; header_4_font=&#8221;|700|||||||&#8221; header_4_text_color=&#8221;#009CB6&#8243; transform_scale=&#8221;100%|100%&#8221; hover_enabled=&#8221;0&#8243; global_colors_info=&#8221;{}&#8221; link_text_color__hover_enabled=&#8221;on|hover&#8221; link_text_color__hover=&#8221;#005E6E&#8221; sticky_enabled=&#8221;0&#8243;]<\/p>\n<h4>T\u00e9l\u00e9phone:<\/h4>\n<p><a href=\"tel:00351289542160\" toggle=\"tooltip\" title=\"Ligue-nos por telefone\" class=\"d-block d-lg-inline-block\"><i class=\"fas fa-phone mr-2\"><\/i> (+351) <strong>289 542 160<\/strong><\/a> <a href=\"https:\/\/wa.me\/00351965525487\" toggle=\"tooltip\" title=\"Ligue-nos por Whatsapp\" class=\"d-block d-lg-inline-block\"><i class=\"fab fa-whatsapp mr-2\"><\/i> (+351) <strong>965 525 487<\/strong><\/a> <a href=\"tel:00351289542256\" toggle=\"tooltip\" title=\"Envie-nos um fax\" class=\"d-block d-lg-inline-block\"><i class=\"fas fa-fax mr-2\"><\/i> (+351) <strong>289 542 256<\/strong><\/a><\/p>\n<p>(appel national par t\u00e9l\u00e9phone fixe)[\/et_pb_text][et_pb_text module_class=&#8221;contact_data&#8221; _builder_version=&#8221;4.18.0&#8243; _module_preset=&#8221;default&#8221; link_text_color=&#8221;#009CB6&#8243; header_4_font=&#8221;|700|||||||&#8221; header_4_text_color=&#8221;#009CB6&#8243; transform_scale=&#8221;100%|100%&#8221; global_colors_info=&#8221;{}&#8221; link_text_color__hover_enabled=&#8221;on|hover&#8221; link_text_color__hover=&#8221;#005E6E&#8221;]<\/p>\n<h4>Email:<\/h4>\n<p><a href=\"mailto:info@auto-prudente.com\" data-toggle=\"tooltip\" title=\"\" class=\"d-block d-lg-inline-block mb-2\" data-original-title=\"Email informa\u00e7\u00e3o geral\" aria-describedby=\"tooltip57999\"><i class=\"fas fa-at mr-2\"><\/i> info@auto-prudente.com<\/a> <a href=\"mailto:marketing@auto-prudente.com\" data-toggle=\"tooltip\" title=\"\" class=\"d-block d-lg-inline-block\" data-original-title=\"Envie-nos um email\" aria-describedby=\"tooltip494846\"><i class=\"fas fa-at mr-2\"><\/i> marketing@auto-prudente.com<\/a><\/p>\n<p>[\/et_pb_text][\/et_pb_column][et_pb_column type=&#8221;1_3&#8243; _builder_version=&#8221;4.16&#8243; _module_preset=&#8221;default&#8221; global_colors_info=&#8221;{}&#8221;][et_pb_code _builder_version=&#8221;4.16&#8243; _module_preset=&#8221;default&#8221; background_color=&#8221;#FFFFFF&#8221; border_radii=&#8221;on|10px|10px|10px|10px&#8221; box_shadow_style=&#8221;preset3&#8243; global_colors_info=&#8221;{}&#8221;]<iframe loading=\"lazy\" src=\"https:\/\/www.facebook.com\/plugins\/page.php?href=https%3A%2F%2Fwww.facebook.com%2Fautoprudente%2F&#038;locale=fr_FR&#038;tabs&#038;width=340&#038;height=70&#038;small_header=true&#038;adapt_container_width=true&#038;hide_cover=true&#038;show_facepile=false&#038;appId=1903081369914756\" width=\"100%\" height=\"70\" style=\"border:none;overflow:hidden;\" scrolling=\"no\" frameborder=\"0\" allowfullscreen=\"true\" allow=\"autoplay; clipboard-write; encrypted-media; picture-in-picture; web-share\"><\/iframe>[\/et_pb_code][\/et_pb_column][\/et_pb_row][et_pb_row column_structure=&#8221;2_3,1_3&#8243; use_custom_gutter=&#8221;on&#8221; gutter_width=&#8221;2&#8243; _builder_version=&#8221;4.16&#8243; _module_preset=&#8221;default&#8221; global_colors_info=&#8221;{}&#8221;][et_pb_column type=&#8221;2_3&#8243; _builder_version=&#8221;4.16&#8243; _module_preset=&#8221;default&#8221; border_radii=&#8221;on|10px|10px|10px|10px&#8221; box_shadow_style=&#8221;preset3&#8243; global_colors_info=&#8221;{}&#8221;][et_pb_code _builder_version=&#8221;4.16&#8243; _module_preset=&#8221;default&#8221; global_colors_info=&#8221;{}&#8221;]<iframe src=\"https:\/\/www.google.com\/maps\/embed?pb=!1m14!1m8!1m3!1d6365.17788477535!2d-8.221941!3d37.091096!3m2!1i1024!2i768!4f13.1!3m3!1m2!1s0x0%3A0xc31a8f8bd2400a92!2sAuto%20Prudente%20Rent%20a%20Car!5e0!3m2!1sfr!2spt!4v1645713614164!5m2!1sfr!2spt\" width=\"100%\" height=\"450\" style=\"border:0;\" allowfullscreen=\"\" loading=\"lazy\"><\/iframe>[\/et_pb_code][\/et_pb_column][et_pb_column type=&#8221;1_3&#8243; _builder_version=&#8221;4.16&#8243; _module_preset=&#8221;default&#8221; global_colors_info=&#8221;{}&#8221;][\/et_pb_column][\/et_pb_row][\/et_pb_section]<\/p>\n","protected":false},"excerpt":{"rendered":"<p>ENTRONS EN CONTACTAdresse: Auto Prudente, Rent a CarEstrada de Santa Eul\u00e1lia, Edif\u00edcio Ondas do Mar &#8211; Loja E8200-269 Albufeira &#8211; PortugalT\u00e9l\u00e9phone: (+351) 289 542 160 (+351) 965 525 487 (+351) 289 542 256 (appel national par t\u00e9l\u00e9phone fixe)Email: info@auto-prudente.com marketing@auto-prudente.com<\/p>\n","protected":false},"author":1,"featured_media":1764,"parent":0,"menu_order":0,"comment_status":"closed","ping_status":"closed","template":"","meta":{"_et_pb_use_builder":"on","_et_pb_old_content":"","_et_gb_content_width":"","content-type":"","inline_featured_image":false,"footnotes":""},"class_list":["post-338","page","type-page","status-publish","has-post-thumbnail","hentry"],"aioseo_notices":[],"_links":{"self":[{"href":"https:\/\/auto-prudente.com\/fr\/wp-json\/wp\/v2\/pages\/338","targetHints":{"allow":["GET"]}}],"collection":[{"href":"https:\/\/auto-prudente.com\/fr\/wp-json\/wp\/v2\/pages"}],"about":[{"href":"https:\/\/auto-prudente.com\/fr\/wp-json\/wp\/v2\/types\/page"}],"author":[{"embeddable":true,"href":"https:\/\/auto-prudente.com\/fr\/wp-json\/wp\/v2\/users\/1"}],"replies":[{"embeddable":true,"href":"https:\/\/auto-prudente.com\/fr\/wp-json\/wp\/v2\/comments?post=338"}],"version-history":[{"count":31,"href":"https:\/\/auto-prudente.com\/fr\/wp-json\/wp\/v2\/pages\/338\/revisions"}],"predecessor-version":[{"id":2865,"href":"https:\/\/auto-prudente.com\/fr\/wp-json\/wp\/v2\/pages\/338\/revisions\/2865"}],"wp:featuredmedia":[{"embeddable":true,"href":"https:\/\/auto-prudente.com\/fr\/wp-json\/wp\/v2\/media\/1764"}],"wp:attachment":[{"href":"https:\/\/auto-prudente.com\/fr\/wp-json\/wp\/v2\/media?parent=338"}],"curies":[{"name":"wp","href":"https:\/\/api.w.org\/{rel}","templated":true}]}}