{"id":353,"date":"2022-02-17T16:20:38","date_gmt":"2022-02-17T16:20:38","guid":{"rendered":"https:\/\/auto-prudente.com\/a-propos-de-nous\/"},"modified":"2024-07-22T10:13:08","modified_gmt":"2024-07-22T10:13:08","slug":"a-propos-de-nous","status":"publish","type":"page","link":"https:\/\/auto-prudente.com\/fr\/a-propos-de-nous\/","title":{"rendered":"\u00c0 Propos de Nous"},"content":{"rendered":"\n[et_pb_section fb_built=&#8221;1&#8243; _builder_version=&#8221;4.16&#8243; _module_preset=&#8221;default&#8221; background_image=&#8221;https:\/\/auto-prudente.com\/wp-content\/uploads\/2022\/02\/ap-bg07-hires.webp&#8221; height=&#8221;360px&#8221; height_tablet=&#8221;340px&#8221; height_phone=&#8221;300px&#8221; height_last_edited=&#8221;on|tablet&#8221; custom_padding=&#8221;175px||175px|||&#8221; border_color_bottom=&#8221;#F6B511&#8243; global_colors_info=&#8221;{}&#8221; da_is_popup=&#8221;off&#8221; da_exit_intent=&#8221;off&#8221; da_has_close=&#8221;on&#8221; da_alt_close=&#8221;off&#8221; da_dark_close=&#8221;off&#8221; da_not_modal=&#8221;on&#8221; da_is_singular=&#8221;off&#8221; da_with_loader=&#8221;off&#8221; da_has_shadow=&#8221;on&#8221; da_disable_devices=&#8221;off|off|off&#8221;][\/et_pb_section][et_pb_section fb_built=&#8221;1&#8243; _builder_version=&#8221;4.16&#8243; _module_preset=&#8221;default&#8221; background_color=&#8221;RGBA(255,255,255,0)&#8221; custom_margin=&#8221;-34px||0px||false|false&#8221; custom_padding=&#8221;0px||0px||true|false&#8221; border_width_bottom=&#8221;4px&#8221; border_color_bottom=&#8221;#F6B511&#8243; global_colors_info=&#8221;{}&#8221; da_is_popup=&#8221;off&#8221; da_exit_intent=&#8221;off&#8221; da_has_close=&#8221;on&#8221; da_alt_close=&#8221;off&#8221; da_dark_close=&#8221;off&#8221; da_not_modal=&#8221;on&#8221; da_is_singular=&#8221;off&#8221; da_with_loader=&#8221;off&#8221; da_has_shadow=&#8221;on&#8221; da_disable_devices=&#8221;off|off|off&#8221;][et_pb_row _builder_version=&#8221;4.16&#8243; _module_preset=&#8221;default&#8221; background_color=&#8221;RGBA(255,255,255,0)&#8221; width=&#8221;90%&#8221; custom_margin=&#8221;||0px||false|false&#8221; custom_padding=&#8221;0px||0px||false|false&#8221; global_colors_info=&#8221;{}&#8221;][et_pb_column type=&#8221;4_4&#8243; _builder_version=&#8221;4.16&#8243; _module_preset=&#8221;default&#8221; background_enable_color=&#8221;off&#8221; custom_padding=&#8221;||0px||false|false&#8221; global_colors_info=&#8221;{}&#8221;][et_pb_text module_id=&#8221;page-title&#8221; _builder_version=&#8221;4.18.0&#8243; _module_preset=&#8221;default&#8221; header_line_height=&#8221;1.3em&#8221; header_2_font=&#8221;|600|||||||&#8221; header_2_text_color=&#8221;#FFFFFF&#8221; header_2_letter_spacing=&#8221;0.05rem&#8221; header_2_line_height=&#8221;1.2em&#8221; width_last_edited=&#8221;off|phone&#8221; custom_margin=&#8221;||0px||false|false&#8221; custom_padding=&#8221;||0px||false|false&#8221; hover_enabled=&#8221;0&#8243; custom_css_main_element=&#8221;display:flex!important;&#8221; border_radii=&#8221;off|0.25rem|0.25rem||&#8221; global_colors_info=&#8221;{}&#8221; transform_scale=&#8221;100%|100%&#8221; sticky_enabled=&#8221;0&#8243;]<h2>A PROPOS DE AUTO PRUDENTE<\/h2>[\/et_pb_text][\/et_pb_column][\/et_pb_row][\/et_pb_section][et_pb_section fb_built=&#8221;1&#8243; _builder_version=&#8221;4.16&#8243; _module_preset=&#8221;default&#8221; background_color=&#8221;RGBA(255,255,255,0)&#8221; global_colors_info=&#8221;{}&#8221; da_is_popup=&#8221;off&#8221; da_exit_intent=&#8221;off&#8221; da_has_close=&#8221;on&#8221; da_alt_close=&#8221;off&#8221; da_dark_close=&#8221;off&#8221; da_not_modal=&#8221;on&#8221; da_is_singular=&#8221;off&#8221; da_with_loader=&#8221;off&#8221; da_has_shadow=&#8221;on&#8221; da_disable_devices=&#8221;off|off|off&#8221;][et_pb_row column_structure=&#8221;3_5,2_5&#8243; use_custom_gutter=&#8221;on&#8221; gutter_width=&#8221;2&#8243; _builder_version=&#8221;4.16&#8243; _module_preset=&#8221;default&#8221; width=&#8221;90%&#8221; global_colors_info=&#8221;{}&#8221;][et_pb_column type=&#8221;3_5&#8243; _builder_version=&#8221;4.16&#8243; _module_preset=&#8221;default&#8221; global_colors_info=&#8221;{}&#8221;][et_pb_text ul_item_indent=&#8221;20px&#8221; _builder_version=&#8221;4.18.0&#8243; _module_preset=&#8221;default&#8221; text_font=&#8221;Open Sans||||||||&#8221; text_line_height=&#8221;1.8em&#8221; ul_font_size=&#8221;16px&#8221; ul_line_height=&#8221;1.8em&#8221; hover_enabled=&#8221;0&#8243; global_colors_info=&#8221;{}&#8221; transform_scale=&#8221;100%|100%&#8221; sticky_enabled=&#8221;0&#8243;]<p>Auto Prudente Rent-a-Car est une entreprise \u00e9tablie \u00e0 Albufeira depuis 1996, d\u00e9di\u00e9e \u00e0 la location de v\u00e9hicules sans chauffeur.<\/p>\n<p>Notre flotte est compos\u00e9e d&#8217;une gamme moderne et large de voitures allant de la citadine aux v\u00e9hicules commerciaux, en passant par les monovolumes et les mini-bus de 9 personnes.<\/p>\n<p>Dans un environnement de succ\u00e8s et de travail d&#8217;\u00e9quipe, Auto Prudente excelle par sa convivialit\u00e9 et sa ponctualit\u00e9 alli\u00e9es au professionnalisme que nous d\u00e9posont en chaque employ\u00e9, apportant aux clients et aux agents, la confiance, la s\u00e9curit\u00e9 et latransparence.<\/p>\n<p>Nous nous engageons \u00e0 satisfaire pleinement nos clients, en leur proposant des solutions sp\u00e9cifiques adapt\u00e9es \u00e0 leurs besoins, sans n\u00e9gliger la fid\u00e9lit\u00e9 de chaque client par le biais d&#8217;un service professionnel et personnalis\u00e9.<\/p>\n<p>Notre vision est d\u2019atteindre le sommet du march\u00e9 dans notre segment, en tra\u00e7ant des lignes directrices avec les agents et les clients et en suivant l\u2019\u00e9volution du march\u00e9.<\/p>\n<p>Notre objectif est l&#8217;entrepreneuriat et sa croissance progressive, sans perdre la proximit\u00e9 avec le client et la comp\u00e9titivit\u00e9, ce qui nous permet de faire la diff\u00e9rence avec un service d&#8217;excellence.<\/p>\n<p>Nous avons comme valeurs fondamentales de notre entreprise:<\/p>\n<ul>\n<li>Meilleur service au meilleur prix;<\/li>\n<li>Respect et proximit\u00e9 des agents et des clients;<\/li>\n<li>La rapidit\u00e9 du processus de location et tous les questions possibles inh\u00e9rents \u00e0 celui-ci;<\/li>\n<li>Accompagner les \u00e9volutions du march\u00e9 en \u00e9tant des pionniers en mati\u00e8re d&#8217;innovation;<\/li>\n<li>\u00c9quipe professionnelle, dynamique et motiv\u00e9e dans un apprentissage constant.<\/li>\n<\/ul>[\/et_pb_text][\/et_pb_column][et_pb_column type=&#8221;2_5&#8243; _builder_version=&#8221;4.16&#8243; _module_preset=&#8221;default&#8221; background_color=&#8221;#FFFFFF&#8221; custom_padding=&#8221;1rem|1rem|1rem|1rem|true|true&#8221; border_radii=&#8221;on|10px|10px|10px|10px&#8221; global_colors_info=&#8221;{}&#8221;][et_pb_image src=&#8221;https:\/\/auto-prudente.com\/wp-content\/uploads\/2022\/02\/joao-prudente.jpg&#8221; title_text=&#8221;joao-prudente&#8221; _builder_version=&#8221;4.16&#8243; _module_preset=&#8221;default&#8221; border_radii=&#8221;on|100%|100%|100%|100%&#8221; global_colors_info=&#8221;{}&#8221;][\/et_pb_image][et_pb_text _builder_version=&#8221;4.18.0&#8243; _module_preset=&#8221;default&#8221; text_orientation=&#8221;center&#8221; hover_enabled=&#8221;0&#8243; global_colors_info=&#8221;{}&#8221; transform_scale=&#8221;100%|100%&#8221; sticky_enabled=&#8221;0&#8243;]<p>La valeur d&#8217;une entreprise r\u00e9side dans les personnes qui y travaillent.<br>Nous ne sommes pas &#8220;grands&#8221;, mais nous avons de la valeur&#8230;<br>Nous faisons la diff\u00e9rence!<\/p>\n<p class=\"blockquote-footer\">&#8212; Jo\u00e3o Prudente<\/p>[\/et_pb_text][et_pb_text _builder_version=&#8221;4.18.0&#8243; _module_preset=&#8221;default&#8221; background_color=&#8221;#DFF1F3&#8243; text_orientation=&#8221;center&#8221; custom_padding=&#8221;1rem|1rem|1rem|1rem|true|true&#8221; hover_enabled=&#8221;0&#8243; border_radii=&#8221;on|10px|10px|10px|10px&#8221; global_colors_info=&#8221;{}&#8221; transform_scale=&#8221;100%|100%&#8221; sticky_enabled=&#8221;0&#8243;]<p><span>Avec une \u00e9quipe de professionnels qui travaillent pour mieux servir les clients, nous avons \u00e0 notre disposition une \u00e9quipe compos\u00e9e de r\u00e9ceptionnistes, employ\u00e9s de bureau, relations publiques, pr\u00e9parateurs de v\u00e9hicules, contrema\u00eetre de garage, m\u00e9canicien et direction.<\/span><\/p>[\/et_pb_text][\/et_pb_column][\/et_pb_row][\/et_pb_section]\n","protected":false},"excerpt":{"rendered":"<p>A PROPOS DE AUTO PRUDENTEAuto Prudente Rent-a-Car est une entreprise \u00e9tablie \u00e0 Albufeira depuis 1996, d\u00e9di\u00e9e \u00e0 la location de v\u00e9hicules sans chauffeur. Notre flotte est compos\u00e9e d&#8217;une gamme moderne et large de voitures allant de la citadine aux v\u00e9hicules commerciaux, en passant par les monovolumes et les mini-bus de 9 personnes. Dans un environnement [&hellip;]<\/p>\n","protected":false},"author":1,"featured_media":1691,"parent":0,"menu_order":0,"comment_status":"closed","ping_status":"closed","template":"","meta":{"_et_pb_use_builder":"on","_et_pb_old_content":"","_et_gb_content_width":"","content-type":"","inline_featured_image":false,"footnotes":""},"class_list":["post-353","page","type-page","status-publish","has-post-thumbnail","hentry"],"aioseo_notices":[],"_links":{"self":[{"href":"https:\/\/auto-prudente.com\/fr\/wp-json\/wp\/v2\/pages\/353","targetHints":{"allow":["GET"]}}],"collection":[{"href":"https:\/\/auto-prudente.com\/fr\/wp-json\/wp\/v2\/pages"}],"about":[{"href":"https:\/\/auto-prudente.com\/fr\/wp-json\/wp\/v2\/types\/page"}],"author":[{"embeddable":true,"href":"https:\/\/auto-prudente.com\/fr\/wp-json\/wp\/v2\/users\/1"}],"replies":[{"embeddable":true,"href":"https:\/\/auto-prudente.com\/fr\/wp-json\/wp\/v2\/comments?post=353"}],"version-history":[{"count":14,"href":"https:\/\/auto-prudente.com\/fr\/wp-json\/wp\/v2\/pages\/353\/revisions"}],"predecessor-version":[{"id":3194,"href":"https:\/\/auto-prudente.com\/fr\/wp-json\/wp\/v2\/pages\/353\/revisions\/3194"}],"wp:featuredmedia":[{"embeddable":true,"href":"https:\/\/auto-prudente.com\/fr\/wp-json\/wp\/v2\/media\/1691"}],"wp:attachment":[{"href":"https:\/\/auto-prudente.com\/fr\/wp-json\/wp\/v2\/media?parent=353"}],"curies":[{"name":"wp","href":"https:\/\/api.w.org\/{rel}","templated":true}]}}