{"id":368,"date":"2022-02-17T16:21:08","date_gmt":"2022-02-17T16:21:08","guid":{"rendered":"https:\/\/auto-prudente.com\/lalgarve\/"},"modified":"2024-07-22T10:26:24","modified_gmt":"2024-07-22T10:26:24","slug":"lalgarve","status":"publish","type":"page","link":"https:\/\/auto-prudente.com\/fr\/lalgarve\/","title":{"rendered":"L&#8217;Algarve"},"content":{"rendered":"\n[et_pb_section fb_built=&#8221;1&#8243; _builder_version=&#8221;4.16&#8243; _module_preset=&#8221;default&#8221; background_image=&#8221;https:\/\/auto-prudente.com\/wp-content\/uploads\/2022\/02\/ap-bg04-hires.webp&#8221; height=&#8221;360px&#8221; height_tablet=&#8221;340px&#8221; height_phone=&#8221;300px&#8221; height_last_edited=&#8221;on|tablet&#8221; da_disable_devices=&#8221;off|off|off&#8221; global_colors_info=&#8221;{}&#8221; da_is_popup=&#8221;off&#8221; da_exit_intent=&#8221;off&#8221; da_has_close=&#8221;on&#8221; da_alt_close=&#8221;off&#8221; da_dark_close=&#8221;off&#8221; da_not_modal=&#8221;on&#8221; da_is_singular=&#8221;off&#8221; da_with_loader=&#8221;off&#8221; da_has_shadow=&#8221;on&#8221;][\/et_pb_section][et_pb_section fb_built=&#8221;1&#8243; _builder_version=&#8221;4.16&#8243; _module_preset=&#8221;default&#8221; background_color=&#8221;RGBA(255,255,255,0)&#8221; custom_margin=&#8221;-34px||0px||false|false&#8221; custom_padding=&#8221;0px||0px||true|false&#8221; da_disable_devices=&#8221;off|off|off&#8221; border_width_bottom=&#8221;4px&#8221; border_color_bottom=&#8221;#F6B511&#8243; global_colors_info=&#8221;{}&#8221; da_is_popup=&#8221;off&#8221; da_exit_intent=&#8221;off&#8221; da_has_close=&#8221;on&#8221; da_alt_close=&#8221;off&#8221; da_dark_close=&#8221;off&#8221; da_not_modal=&#8221;on&#8221; da_is_singular=&#8221;off&#8221; da_with_loader=&#8221;off&#8221; da_has_shadow=&#8221;on&#8221;][et_pb_row _builder_version=&#8221;4.16&#8243; _module_preset=&#8221;default&#8221; background_color=&#8221;RGBA(255,255,255,0)&#8221; width=&#8221;90%&#8221; custom_margin=&#8221;||0px||false|false&#8221; custom_padding=&#8221;0px||0px||false|false&#8221; global_colors_info=&#8221;{}&#8221;][et_pb_column type=&#8221;4_4&#8243; _builder_version=&#8221;4.16&#8243; _module_preset=&#8221;default&#8221; background_enable_color=&#8221;off&#8221; custom_padding=&#8221;||0px||false|false&#8221; global_colors_info=&#8221;{}&#8221;][et_pb_text module_id=&#8221;page-title&#8221; _builder_version=&#8221;4.18.0&#8243; _module_preset=&#8221;default&#8221; header_line_height=&#8221;1.3em&#8221; header_2_font=&#8221;|600|||||||&#8221; header_2_text_color=&#8221;#FFFFFF&#8221; header_2_letter_spacing=&#8221;0.05rem&#8221; header_2_line_height=&#8221;1.2em&#8221; transform_scale=&#8221;100%|100%&#8221; width_last_edited=&#8221;off|phone&#8221; custom_margin=&#8221;||0px||false|false&#8221; custom_padding=&#8221;||0px||false|false&#8221; custom_css_main_element=&#8221;display:flex!important;&#8221; border_radii=&#8221;off|0.25rem|0.25rem||&#8221; global_colors_info=&#8221;{}&#8221;]<h2>LA R\u00c9GION DE L&#8217;ALGARVE<\/h2>[\/et_pb_text][\/et_pb_column][\/et_pb_row][\/et_pb_section][et_pb_section fb_built=&#8221;1&#8243; _builder_version=&#8221;4.16&#8243; _module_preset=&#8221;default&#8221; background_color=&#8221;RGBA(255,255,255,0)&#8221; custom_padding=&#8221;29px|||||&#8221; da_disable_devices=&#8221;off|off|off&#8221; global_colors_info=&#8221;{}&#8221; da_is_popup=&#8221;off&#8221; da_exit_intent=&#8221;off&#8221; da_has_close=&#8221;on&#8221; da_alt_close=&#8221;off&#8221; da_dark_close=&#8221;off&#8221; da_not_modal=&#8221;on&#8221; da_is_singular=&#8221;off&#8221; da_with_loader=&#8221;off&#8221; da_has_shadow=&#8221;on&#8221;][et_pb_row column_structure=&#8221;2_3,1_3&#8243; use_custom_gutter=&#8221;on&#8221; _builder_version=&#8221;4.16&#8243; _module_preset=&#8221;default&#8221; width=&#8221;90%&#8221; global_colors_info=&#8221;{}&#8221;][et_pb_column type=&#8221;2_3&#8243; _builder_version=&#8221;4.16&#8243; _module_preset=&#8221;default&#8221; global_colors_info=&#8221;{}&#8221;][et_pb_text _builder_version=&#8221;4.18.0&#8243; _module_preset=&#8221;default&#8221; transform_scale=&#8221;100%|100%&#8221; global_colors_info=&#8221;{}&#8221;]<p>L&#8217;Algarve est l&#8217;extr\u00e9mit\u00e9 la plus m\u00e9ridionale du Portugal et a plus de jours de soleil que la Californie! Il n\u2019est pas surprenant que 7 millions de personnes se rendent chaque ann\u00e9e sur ses plages prim\u00e9es, ses villages historiques, ses terrain de golf et ses paysages magnifiques.<\/p>\n<p>Les belles plages de sable dor\u00e9 sont parmi les meilleures au monde. 86 ont re\u00e7u le prix tr\u00e8s convoit\u00e9 du Drapeau Bleu, Il n\u2019est donc pas surprenant qu\u2019elles soient l\u2019une des principales attractions de l\u2019Algarve. Les plages sont enti\u00e8rement pr\u00e9par\u00e9es pour r\u00e9pondre \u00e0 tous vos besoins et offrent des vues spectaculaires sur la c\u00f4te, des bars et restaurants pour se relaxer au bord de la plage, des chaises longues, des parasols et des activit\u00e9s nautiques pour les loisirs d\u2019\u00e9t\u00e9 et bien plus encore.<\/p>[\/et_pb_text][et_pb_video src=&#8221;https:\/\/www.youtube.com\/watch?v=9dQqiVTNTj4&#038;ab_channel=VisitPortugal&#8221; _builder_version=&#8221;4.16&#8243; _module_preset=&#8221;default&#8221; global_colors_info=&#8221;{}&#8221;][\/et_pb_video][et_pb_text _builder_version=&#8221;4.18.0&#8243; _module_preset=&#8221;default&#8221; header_3_text_color=&#8221;#009CB6&#8243; header_3_font_size=&#8221;25px&#8221; transform_scale=&#8221;100%|100%&#8221; global_colors_info=&#8221;{}&#8221;]<p>L&#8217;Algarve est \u00e9galement connue pour son contraste unique entre la c\u00f4te dor\u00e9e et la belle campagne rurale, ses nombreuses endroits historiques et ses milliers d&#8217;esp\u00e8ces de flore et de faune. Si vous voulez plus que des vacances \u00e0 la plage, c&#8217;est la destination id\u00e9ale pour la photographie, la peinture, l&#8217;observation de la nature, la marche, le v\u00e9lo et la voile.<\/p>[\/et_pb_text][et_pb_text _builder_version=&#8221;4.18.0&#8243; _module_preset=&#8221;default&#8221; header_3_font=&#8221;|600|||||||&#8221; header_3_text_color=&#8221;#009CB6&#8243; header_3_font_size=&#8221;1.75em&#8221; header_3_line_height=&#8221;1.3em&#8221; transform_scale=&#8221;100%|100%&#8221; hover_enabled=&#8221;0&#8243; border_width_bottom=&#8221;1px&#8221; border_color_bottom=&#8221;#009CB6&#8243; global_colors_info=&#8221;{}&#8221; link_option_url=&#8221;@ET-DC@eyJkeW5hbWljIjp0cnVlLCJjb250ZW50IjoiaG9tZV91cmwiLCJzZXR0aW5ncyI6W119@&#8221; _dynamic_attributes=&#8221;link_option_url&#8221; sticky_enabled=&#8221;0&#8243;]<h3>Comment se rendre en Algarve<\/h3>[\/et_pb_text][et_pb_text _builder_version=&#8221;4.18.0&#8243; _module_preset=&#8221;default&#8221; header_3_text_color=&#8221;#009CB6&#8243; header_3_font_size=&#8221;25px&#8221; transform_scale=&#8221;100%|100%&#8221; global_colors_info=&#8221;{}&#8221;]<p>En raison de son emplacement, bord\u00e9 \u00e0 la fois par terre et par mer, les endroits principaux de l\u2019Algarve b\u00e9n\u00e9ficient de bonnes liaisons de transport. Diverses compagnies a\u00e9riennes internationales, y compris les compagnies low cost, desservent r\u00e9guli\u00e8rement l\u2019Algarve via l\u2019a\u00e9roport de Faro.<br>L&#8217;Algarve b\u00e9n\u00e9ficie \u00e9galement d&#8217;un r\u00e9seau routier r\u00e9cemment modernis\u00e9, ce qui facilite les d\u00e9placements routiers dans la r\u00e9gion. Les voyageurs en train ont un acc\u00e8s facile dans la r\u00e9gion grace au service ferroviaire portugais (CP &#8211; Comboios de Portugal) qui relie l\u2019Algarve au reste du Portugal et au-del\u00e0.<\/p>[\/et_pb_text][et_pb_image src=&#8221;https:\/\/auto-prudente.com\/wp-content\/uploads\/2022\/02\/algarve-benagil-cave.jpg&#8221; title_text=&#8221;algarve-benagil-cave&#8221; url=&#8221;https:\/\/www.tripadvisor.com.br\/Attraction_Review-g12741809-d10399059-Reviews-Algar_de_Benagil-Benagil_Lagoa_Faro_District_Algarve.html&#8221; url_new_window=&#8221;on&#8221; _builder_version=&#8221;4.18.0&#8243; _module_preset=&#8221;default&#8221; border_radii=&#8221;on|10px|10px|10px|10px&#8221; global_colors_info=&#8221;{}&#8221;][\/et_pb_image][et_pb_text _builder_version=&#8221;4.18.0&#8243; _module_preset=&#8221;default&#8221; header_3_font=&#8221;|600|||||||&#8221; header_3_text_color=&#8221;#009CB6&#8243; header_3_font_size=&#8221;1.75em&#8221; header_3_line_height=&#8221;1.3em&#8221; transform_scale=&#8221;100%|100%&#8221; border_width_bottom=&#8221;1px&#8221; border_color_bottom=&#8221;#009CB6&#8243; global_colors_info=&#8221;{}&#8221;]<h3>Vos Vacances \u00e0 Albufeira<\/h3>[\/et_pb_text][et_pb_text _builder_version=&#8221;4.18.0&#8243; _module_preset=&#8221;default&#8221; header_3_font=&#8221;|600|||||||&#8221; header_3_text_color=&#8221;#009CB6&#8243; header_3_font_size=&#8221;25px&#8221; transform_scale=&#8221;100%|100%&#8221; global_colors_info=&#8221;{}&#8221;]<p>Albufeira est l&#8217;une des villes touristiques les plus c\u00e9l\u00e8bres du Portugal dans le district de Faro, en Algarve. Depuis les ann\u00e9es 60, ann\u00e9e o\u00f9 elle est devenue une destination de vacances pris\u00e9e par les touristes du nord de l&#8217;Europe, elle est pass\u00e9e d&#8217;un village de p\u00eacheurs pittoresque \u00e0 un lieu de vacances anim\u00e9. Son histoire remonte \u00e0 l&#8217;\u00e9poque romaine, o\u00f9 il \u00e9tait connu sous le nom de &#8220;Baltum&#8221;. Les Maures, qui occup\u00e8rent la ville au 8\u00e8me si\u00e8cle, la renomm\u00e8rent Al-Buhera, ce qui signifie &#8220;Le ch\u00e2teau sur la mer&#8221;.<br>Albufeira, qui se trouve \u00e0 seulement quarante minutes en voiture de l&#8217;a\u00e9roport international de l&#8217;Algarve, Faro, peut \u00eatre divis\u00e9e en deux zones d&#8217;int\u00e9r\u00eat principales: la vieille ville d&#8217;Albufeira et la nouvelle ville d&#8217;Albufeira.<\/p>[\/et_pb_text][et_pb_image src=&#8221;https:\/\/auto-prudente.com\/wp-content\/uploads\/2022\/02\/algarve-golf.jpg&#8221; title_text=&#8221;algarve-golf&#8221; url=&#8221;https:\/\/algarvegolf.net\/vilamoura\/&#8221; url_new_window=&#8221;on&#8221; _builder_version=&#8221;4.18.0&#8243; _module_preset=&#8221;default&#8221; border_radii=&#8221;on|10px|10px|10px|10px&#8221; global_colors_info=&#8221;{}&#8221;][\/et_pb_image][et_pb_text _builder_version=&#8221;4.18.0&#8243; _module_preset=&#8221;default&#8221; header_3_font=&#8221;|600|||||||&#8221; header_3_text_color=&#8221;#009CB6&#8243; header_3_font_size=&#8221;1.75em&#8221; header_3_line_height=&#8221;1.3em&#8221; transform_scale=&#8221;100%|100%&#8221; border_width_bottom=&#8221;1px&#8221; border_color_bottom=&#8221;#009CB6&#8243; global_colors_info=&#8221;{}&#8221;]<h3>Vilamoura, la meilleure destination de golf<\/h3>[\/et_pb_text][et_pb_text _builder_version=&#8221;4.18.0&#8243; _module_preset=&#8221;default&#8221; transform_scale=&#8221;100%|100%&#8221; global_colors_info=&#8221;{}&#8221;]<p>La ville de Vilamoura, r\u00e9cemment \u00e9lue premi\u00e8re destination de golf en Europe, se trouve \u00e0 seulement 15 minutes en voiture \u00e0 l&#8217;est d&#8217;Albufeira mais il se trouvent encore quelques terrains de golf de bonne qualit\u00e9 \u00e0 proximit\u00e9 du centre d&#8217;Albufeira.<\/p>[\/et_pb_text][\/et_pb_column][et_pb_column type=&#8221;1_3&#8243; _builder_version=&#8221;4.16&#8243; _module_preset=&#8221;default&#8221; background_color=&#8221;#FFFFFF&#8221; custom_padding=&#8221;1rem|1rem|1rem|1rem|true|true&#8221; border_radii=&#8221;on|10px|10px|10px|10px&#8221; global_colors_info=&#8221;{}&#8221;][et_pb_text _builder_version=&#8221;4.18.0&#8243; _module_preset=&#8221;default&#8221; header_3_font=&#8221;Open Sans|600|||||||&#8221; header_3_text_color=&#8221;#009CB6&#8243; header_3_font_size=&#8221;25px&#8221; transform_scale=&#8221;100%|100%&#8221; link_option_url=&#8221;https:\/\/www.ipma.pt\/pt\/otempo\/prev.localidade.hora\/index.jsp#Faro&amp;Albufeira&#8221; link_option_url_new_window=&#8221;on&#8221; global_colors_info=&#8221;{}&#8221;]<h3 class=\"text-center\">Le temps en Algarve<\/h3>\n<p>L&#8217;Algarve jouit du meilleur climat en Europe. Avec seulement une courte p\u00e9riode de pluies (entre novembre et mars) et de longues heures d&#8217;ensoleillement (le plus haut d&#8217;Europe). Pendant les mois d&#8217;\u00e9t\u00e9, les temp\u00e9ratures sont \u00e9lev\u00e9es, avec une temp\u00e9rature de l&#8217;eau de mer d&#8217;environ 22\u00b0C.<\/p>\n<p>Le climat de l&#8217;Algarve est influenc\u00e9 par l&#8217;Europe continentale, l&#8217;Afrique du Nord, l&#8217;oc\u00e9an Atlantique et la M\u00e9diterran\u00e9e. Les temp\u00e9ratures moyennes dans l\u2019Algarve varient entre 15 et 31\u00b0C et ne tombent presque jamais en dessous de z\u00e9ro en hiver.<\/p>[\/et_pb_text][et_pb_code _builder_version=&#8221;4.16&#8243; _module_preset=&#8221;default&#8221; text_orientation=&#8221;center&#8221; global_colors_info=&#8221;{}&#8221;]<a class=\"weatherwidget-io\" href=\"https:\/\/forecast7.com\/pt\/37d09n8d25\/albufeira\/\" data-label_1=\"ALBUFEIRA\" data-label_2=\"WEATHER\" data-theme=\"original\">ALBUFEIRA M\u00c9TEO<\/a><!-- [et_pb_line_break_holder] --><script><!-- [et_pb_line_break_holder] -->!function(d,s,id){var js,fjs=d.getElementsByTagName(s)[0];if(!d.getElementById(id)){js=d.createElement(s);js.id=id;js.src='https:\/\/weatherwidget.io\/js\/widget.min.js';fjs.parentNode.insertBefore(js,fjs);}}(document,'script','weatherwidget-io-js');<!-- [et_pb_line_break_holder] --><\/script>[\/et_pb_code][\/et_pb_column][\/et_pb_row][\/et_pb_section]\n","protected":false},"excerpt":{"rendered":"<p>LA R\u00c9GION DE L&#8217;ALGARVEL&#8217;Algarve est l&#8217;extr\u00e9mit\u00e9 la plus m\u00e9ridionale du Portugal et a plus de jours de soleil que la Californie! Il n\u2019est pas surprenant que 7 millions de personnes se rendent chaque ann\u00e9e sur ses plages prim\u00e9es, ses villages historiques, ses terrain de golf et ses paysages magnifiques. Les belles plages de sable dor\u00e9 [&hellip;]<\/p>\n","protected":false},"author":1,"featured_media":222,"parent":0,"menu_order":0,"comment_status":"closed","ping_status":"closed","template":"","meta":{"_et_pb_use_builder":"on","_et_pb_old_content":"","_et_gb_content_width":"","content-type":"","inline_featured_image":false,"footnotes":""},"class_list":["post-368","page","type-page","status-publish","has-post-thumbnail","hentry"],"aioseo_notices":[],"_links":{"self":[{"href":"https:\/\/auto-prudente.com\/fr\/wp-json\/wp\/v2\/pages\/368","targetHints":{"allow":["GET"]}}],"collection":[{"href":"https:\/\/auto-prudente.com\/fr\/wp-json\/wp\/v2\/pages"}],"about":[{"href":"https:\/\/auto-prudente.com\/fr\/wp-json\/wp\/v2\/types\/page"}],"author":[{"embeddable":true,"href":"https:\/\/auto-prudente.com\/fr\/wp-json\/wp\/v2\/users\/1"}],"replies":[{"embeddable":true,"href":"https:\/\/auto-prudente.com\/fr\/wp-json\/wp\/v2\/comments?post=368"}],"version-history":[{"count":24,"href":"https:\/\/auto-prudente.com\/fr\/wp-json\/wp\/v2\/pages\/368\/revisions"}],"predecessor-version":[{"id":3200,"href":"https:\/\/auto-prudente.com\/fr\/wp-json\/wp\/v2\/pages\/368\/revisions\/3200"}],"wp:featuredmedia":[{"embeddable":true,"href":"https:\/\/auto-prudente.com\/fr\/wp-json\/wp\/v2\/media\/222"}],"wp:attachment":[{"href":"https:\/\/auto-prudente.com\/fr\/wp-json\/wp\/v2\/media?parent=368"}],"curies":[{"name":"wp","href":"https:\/\/api.w.org\/{rel}","templated":true}]}}