{"id":388,"date":"2022-02-18T11:02:36","date_gmt":"2022-02-18T11:02:36","guid":{"rendered":"https:\/\/auto-prudente.com\/conditions\/"},"modified":"2025-01-24T12:20:30","modified_gmt":"2025-01-24T12:20:30","slug":"conditions","status":"publish","type":"page","link":"https:\/\/auto-prudente.com\/fr\/conditions\/","title":{"rendered":"Conditions"},"content":{"rendered":"<p>[et_pb_section fb_built=&#8221;1&#8243; admin_label=&#8221;praia da falesia&#8221; _builder_version=&#8221;4.18.0&#8243; _module_preset=&#8221;default&#8221; background_image=&#8221;https:\/\/auto-prudente.com\/wp-content\/uploads\/2022\/02\/ap-bg08-hires.webp&#8221; height=&#8221;360px&#8221; height_tablet=&#8221;340px&#8221; height_phone=&#8221;300px&#8221; height_last_edited=&#8221;on|phone&#8221; da_disable_devices=&#8221;off|off|off&#8221; global_colors_info=&#8221;{}&#8221; da_is_popup=&#8221;off&#8221; da_exit_intent=&#8221;off&#8221; da_has_close=&#8221;on&#8221; da_alt_close=&#8221;off&#8221; da_dark_close=&#8221;off&#8221; da_not_modal=&#8221;on&#8221; da_is_singular=&#8221;off&#8221; da_with_loader=&#8221;off&#8221; da_has_shadow=&#8221;on&#8221;][\/et_pb_section][et_pb_section fb_built=&#8221;1&#8243; _builder_version=&#8221;4.16&#8243; _module_preset=&#8221;default&#8221; background_color=&#8221;RGBA(255,255,255,0)&#8221; custom_margin=&#8221;-34px||0px||false|false&#8221; custom_padding=&#8221;0px||0px||true|false&#8221; da_disable_devices=&#8221;off|off|off&#8221; border_width_bottom=&#8221;4px&#8221; border_color_bottom=&#8221;#F6B511&#8243; global_colors_info=&#8221;{}&#8221; da_is_popup=&#8221;off&#8221; da_exit_intent=&#8221;off&#8221; da_has_close=&#8221;on&#8221; da_alt_close=&#8221;off&#8221; da_dark_close=&#8221;off&#8221; da_not_modal=&#8221;on&#8221; da_is_singular=&#8221;off&#8221; da_with_loader=&#8221;off&#8221; da_has_shadow=&#8221;on&#8221;][et_pb_row _builder_version=&#8221;4.16&#8243; _module_preset=&#8221;default&#8221; background_color=&#8221;RGBA(255,255,255,0)&#8221; custom_margin=&#8221;||0px||false|false&#8221; custom_padding=&#8221;0px||0px||false|false&#8221; global_colors_info=&#8221;{}&#8221;][et_pb_column type=&#8221;4_4&#8243; _builder_version=&#8221;4.16&#8243; _module_preset=&#8221;default&#8221; background_enable_color=&#8221;off&#8221; custom_padding=&#8221;||0px||false|false&#8221; global_colors_info=&#8221;{}&#8221;][et_pb_text module_id=&#8221;page-title&#8221; _builder_version=&#8221;4.18.0&#8243; _module_preset=&#8221;default&#8221; header_line_height=&#8221;1.3em&#8221; header_2_font=&#8221;|600|||||||&#8221; header_2_text_color=&#8221;#FFFFFF&#8221; header_2_letter_spacing=&#8221;0.05rem&#8221; header_2_line_height=&#8221;1.2em&#8221; transform_scale=&#8221;100%|100%&#8221; width_last_edited=&#8221;off|phone&#8221; custom_margin=&#8221;||0px||false|false&#8221; custom_padding=&#8221;||0px||false|false&#8221; custom_css_main_element=&#8221;display:flex!important;&#8221; border_radii=&#8221;off|0.25rem|0.25rem||&#8221; global_colors_info=&#8221;{}&#8221;]<\/p>\n<h2>CONDITIONS G\u00c9N\u00c9RALES DE LOCATION<\/h2>\n<p>[\/et_pb_text][\/et_pb_column][\/et_pb_row][\/et_pb_section][et_pb_section fb_built=&#8221;1&#8243; _builder_version=&#8221;4.16&#8243; _module_preset=&#8221;default&#8221; background_color=&#8221;RGBA(255,255,255,0)&#8221; custom_padding=&#8221;0px|||||&#8221; da_disable_devices=&#8221;off|off|off&#8221; global_colors_info=&#8221;{}&#8221; da_is_popup=&#8221;off&#8221; da_exit_intent=&#8221;off&#8221; da_has_close=&#8221;on&#8221; da_alt_close=&#8221;off&#8221; da_dark_close=&#8221;off&#8221; da_not_modal=&#8221;on&#8221; da_is_singular=&#8221;off&#8221; da_with_loader=&#8221;off&#8221; da_has_shadow=&#8221;on&#8221;][et_pb_row _builder_version=&#8221;4.16&#8243; _module_preset=&#8221;default&#8221; custom_padding=&#8221;0px||0px||false|false&#8221; box_shadow_style=&#8221;preset3&#8243; global_colors_info=&#8221;{}&#8221;][et_pb_column type=&#8221;4_4&#8243; _builder_version=&#8221;4.16&#8243; _module_preset=&#8221;default&#8221; background_color=&#8221;#FFFFFF&#8221; custom_padding=&#8221;1rem|3rem|1rem|3rem|true|true&#8221; global_colors_info=&#8221;{}&#8221;][et_pb_text _builder_version=&#8221;4.27.4&#8243; _module_preset=&#8221;default&#8221; header_font=&#8221;||||||||&#8221; header_3_text_color=&#8221;#009CB6&#8243; header_3_font_size=&#8221;25px&#8221; header_3_line_height=&#8221;1.3em&#8221; header_4_font=&#8221;|600|||||||&#8221; header_4_text_color=&#8221;#009CB6&#8243; transform_scale=&#8221;100%|100%&#8221; custom_margin=&#8221;20px||30px||false|false&#8221; hover_enabled=&#8221;0&#8243; border_color_bottom=&#8221;#009CB6&#8243; global_colors_info=&#8221;{}&#8221; sticky_enabled=&#8221;0&#8243;]<\/p>\n<h4>P\u00e9riode de location:<\/h4>\n<p>Un jour (24 heures) dont toute fraction est consid\u00e9r\u00e9e comme un jour suppl\u00e9mentaire.<\/p>\n<h4>\u00c2ge minimal:<\/h4>\n<p>\u00c2ge minimum : 23 ans avec 2 ans d&#8217;exp\u00e9rience de conduite.<span> <\/span><br \/>Suppl\u00e9ment jeune conducteur (23-25 ans) : 12 \u20ac par jour, maximum 120 \u20ac.<br \/>Il n\u2019y a pas d\u2019\u00e2ge maximum tant que vous poss\u00e9dez un permis de conduire valide.<\/p>\n<h4>Documents requis:<\/h4>\n<p>Carte de citoyen ou passeport ; Permis de conduire europ\u00e9en valide ; carte de cr\u00e9dit.<br \/>Veuillez noter que si vous n\u2019avez pas de permis de conduire europ\u00e9en, vous devrez apporter votre permis de conduire international avec votre permis d\u2019origine pour louer la voiture<span>.<\/span><br \/>Un permis de conduire imprim\u00e9 dans un alphabet non romain (arabe, chinois, japonais, cyrillique, etc.) doit \u00eatre compl\u00e9t\u00e9 par un permis de conduire international.<\/p>\n<h4>Assurance:<\/h4>\n<p>Les tarifs incluent la RESPONSABILIT\u00c9 PUBLIQUE ILLIMIT\u00c9E ET LA COLLISION Dommages propres avec franchises:<br \/>Groupe <strong>A<\/strong>=1200\u20ac, <strong>B1<\/strong>\/<strong>B2<\/strong>=1400\u20ac, <strong>C<\/strong>\/<strong>D<\/strong>=1600\u20ac, <strong>E1<\/strong>=1750\u20ac,<strong> E2<\/strong>=2250\u20ac, <strong>F<\/strong>=2000\u20ac, <strong>G<\/strong>=2500\u20ac, <strong>J1<\/strong>=2500\u20ac, <strong>J2<\/strong>=2800\u20ac, <strong>L1\/L2<\/strong>=3250\u20ac, <strong>M1\/M2<\/strong>=3800\u20ac; <strong>N<\/strong>=4500\u20ac<\/p>\n<h4>Assurance suppl\u00e9mentaire facultative:<\/h4>\n<p>Sur paiement d&#8217;un forfait journalier, nous vous proposons une assurance protection contre les actes de vandalisme et des r\u00e9ductions de franchises mentionn\u00e9es ci-dessus. Cette assurance est facultative.<\/p>\n<p>Veuillez noter que la n\u00e9gligence du client ne sera jamais couverte par le SCDW.<span> <\/span><\/p>\n<p>Attention, si vous optez pour l&#8217;assurance <strong>Super-CDW<\/strong>, vous devrez tout de m\u00eame laisser une caution de 200 \u20ac sur votre carte bancaire.<span> <\/span><\/p>\n<h4>Passagers:<\/h4>\n<p>Sur paiement d&#8217;un forfait journalier, nous proposons une assurance occupant.<\/p>\n<h4>Assistance routi\u00e8re Premium :<\/h4>\n<p>Moyennant le paiement d&#8217;un forfait journalier, vous b\u00e9n\u00e9ficiez de l&#8217;Assistance Routi\u00e8re Premium, en cas de pannes\/dommages caus\u00e9s par vous.<\/p>\n<h4>Prendre la voiture \u00e0 l&#8217;\u00e9tranger:<\/h4>\n<p>Frais transfrontaliers (pour amener le maximum de voiture \u00e0 S\u00e9ville) : 100 \u20ac par location.<span> <\/span><\/p>\n<p>Veuillez noter qu&#8217;une autorisation pr\u00e9alable d&#8217;Auto Prudente est requise avant de prendre le v\u00e9hicule \u00e0 l&#8217;\u00e9tranger.<span> <\/span><\/p>\n<p>Veuillez noter qu&#8217;une autorisation pr\u00e9alable d&#8217;Auto Prudente est requise avant de prendre le v\u00e9hicule \u00e0 l&#8217;\u00e9tranger.<\/p>\n<h4>Conducteur suppl\u00e9mentaire :<\/h4>\n<p>Conducteur suppl\u00e9mentaire 12,00 \u20ac par jour, maximum 120,00 \u20ac par location (prix par conducteur suppl\u00e9mentaire).<span> <\/span><\/p>\n<h4>D\u00e9p\u00f4t de garantie:<\/h4>\n<p>AUTO PRUDENTE peut exiger \u00e0 tout moment un d\u00e9p\u00f4t de garantie dont la valeur sera \u00e9tudi\u00e9e en fonction du groupe lou\u00e9.<\/p>\n<p>Une carte de cr\u00e9dit (Visa ou Mastercard) au nom du conducteur principal est requise pour r\u00e9cup\u00e9rer le v\u00e9hicule. Auto Prudente n&#8217;acceptera pas les cartes de cr\u00e9dit pr\u00e9pay\u00e9es, recharg\u00e9es ou virtuelles.<span> <\/span><\/p>\n<h4>Kilom\u00e9trage:<\/h4>\n<p>Kilom\u00e9trage illimit\u00e9 sauf :<\/p>\n<ul>\n<li><span> <\/span><span>Locations 24h \u2013 500 km\/jour<\/span><\/li>\n<\/ul>\n<ul>\n<li><span> <\/span><span>Les groupes commerciaux ont un kilom\u00e9trage limit\u00e9: <\/span><strong>C3<\/strong> &#8211; 600 Km\/Jour, <strong>C4<\/strong> &#8211; 600 Km\/Jour,<strong> C5<\/strong> &#8211; 600 Km\/Jour,<\/li>\n<\/ul>\n<h4>Politique de carburant:<\/h4>\n<p>Le carburant n&#8217;est pas inclus dans nos tarifs.<br \/>Tous les v\u00e9hicules sont livr\u00e9s avec du carburant dans le r\u00e9servoir et doivent \u00eatre restitu\u00e9s avec la m\u00eame quantit\u00e9 de carburant.<br \/>Si le v\u00e9hicule n&#8217;est pas restitu\u00e9 avec la m\u00eame quantit\u00e9 de carburant que lors de la prise en charge, des frais de ravitaillement de 25,00 \u20ac plus le co\u00fbt du carburant manquant s&#8217;appliqueront.<\/p>\n<h4>Apr\u00e8s des heures:<\/h4>\n<p>Retraits\/retours en dehors des heures de bureau : 40 \u20ac (sous r\u00e9serve de disponibilit\u00e9).<\/p>\n<h4>Non inclus:<\/h4>\n<p>Carburant, amendes, p\u00e9ages, tout dommage aux pneus, perte de cl\u00e9s, collectes dans les garages ou parkings.<\/p>\n<h4><strong>Taxes administratives:<\/strong><\/h4>\n<p>Des frais administratifs allant de 30 \u20ac \u00e0 60 \u20ac seront factur\u00e9s, selon l&#8217;infraction, chaque fois qu&#8217;il existe une obligation ou une n\u00e9cessit\u00e9 d&#8217;identifier ou de pr\u00e9venir le client, lorsque les autorit\u00e9s l&#8217;exigent, tels que : des amendes de circulation ou de stationnement ; p\u00e9ages; entre autres infractions.<\/p>\n<h4>Road Tax:<\/h4>\n<p><b>Le d\u00e9cret-loi<\/b><\/p>\n<p><a href=\"https:\/\/diariodarepublica.pt\/dr\/detalhe\/decreto-lei\/84-c-2022-204552603\" title=\"https:\/\/diariodarepublica.pt\/dr\/detalhe\/decreto-lei\/84-c-2022-204552603\" data-linkindex=\"0\">Le d\u00e9cret-loi 84-C\/2022<\/a> du 9 d\u00e9cembre 2022 est entr\u00e9 en vigueur le 8 janvier 2023. Elle <b>oblige \u00e9galement les soci\u00e9t\u00e9s de location de voitures \u00e0 \u00e9quiper tous leurs v\u00e9hicules d&#8217;un syst\u00e8me de paiement automatique des p\u00e9ages (dispositif Via Verde).<\/b><\/p>\n<p>L&#8217;article 27, paragraphe 3, du d\u00e9cret-loi susmentionn\u00e9 stipule que ce service, par imposition l\u00e9gale, <b>devient obligatoire et est automatiquement ajout\u00e9 \u00e0 chaque contrat de location, de sorte que chaque fois que vous louez une voiture,<\/b> vous souscrivez imm\u00e9diatement \u00e0 ce service de p\u00e9age.<\/p>\n<p><b>Combien co\u00fbte le service ?<\/b><br \/>Lorsque vous louez une voiture avec Auto Prudente Rent a Car, <b>vous devez payer les p\u00e9ages r\u00e9els plus un paiement journalier de 2,18 \u20ac jusqu&#8217;\u00e0 un maximum de 21,77 \u20ac par location<\/b> (ou tout autre montant impos\u00e9 par l&#8217;Ordonnance).<\/p>\n<h4>Politique d&#8217;annulation:<\/h4>\n<p>Vous pouvez annuler sans frais jusqu&#8217;\u00e0 <strong>48 heures<\/strong> \u00e0 l&#8217;avance.<\/p>\n<p>Apr\u00e8s la p\u00e9riode d&#8217;annulation gratuite, des frais de 50% du total de la r\u00e9servation seront factur\u00e9s.<\/p>\n<p>L&#8217;annulation devra \u00eatre demand\u00e9e par email \u00e0: <a href=\"mailto:info@auto-prudente.com\">info@auto-prudente.com<\/a><\/p>\n<h4>Autres:<\/h4>\n<p>Contr\u00f4le technique du v\u00e9hicule : L&#8217;utilisateur aura la possibilit\u00e9 d&#8217;\u00eatre pr\u00e9sent \u00e0 la livraison et \u00e0 la restitution du v\u00e9hicule.<\/p>\n<p>La location effectu\u00e9e n&#8217;est pas n\u00e9cessairement li\u00e9e \u00e0 un v\u00e9hicule pr\u00e9cis (marque\/mod\u00e8le, couleur, \u00e9quipement, etc.), mais plut\u00f4t \u00e0 un groupe de v\u00e9hicules pr\u00e9sentant des caract\u00e9ristiques techniques et une habitabilit\u00e9 similaires. Le v\u00e9hicule indiqu\u00e9 sur le Bon de Confirmation pourra \u00eatre remplac\u00e9 par un v\u00e9hicule similaire, en fonction de la disponibilit\u00e9 de la flotte disponible au service local.<span> <\/span><\/p>\n<p>Veuillez noter qu&#8217;en cas d&#8217;accident ou de dommages \u00e0 votre voiture, vous devez toujours contacter imm\u00e9diatement Auto Prudente. Vous devrez remplir un formulaire de constat de dommage ou d\u2019accident pour votre assurance, sinon vous pourriez ne pas \u00eatre couvert.<span> <\/span><\/p>\n<p>[\/et_pb_text][\/et_pb_column][\/et_pb_row][\/et_pb_section]<\/p>\n","protected":false},"excerpt":{"rendered":"<p>CONDITIONS G\u00c9N\u00c9RALES DE LOCATIONP\u00e9riode de location: Un jour (24 heures) dont toute fraction est consid\u00e9r\u00e9e comme un jour suppl\u00e9mentaire. \u00c2ge minimal: \u00c2ge minimum : 23 ans avec 2 ans d&#8217;exp\u00e9rience de conduite. Suppl\u00e9ment jeune conducteur (23-25 ans) : 12 \u20ac par jour, maximum 120 \u20ac.Il n\u2019y a pas d\u2019\u00e2ge maximum tant que vous poss\u00e9dez un [&hellip;]<\/p>\n","protected":false},"author":1,"featured_media":1658,"parent":0,"menu_order":0,"comment_status":"closed","ping_status":"closed","template":"","meta":{"_et_pb_use_builder":"on","_et_pb_old_content":"","_et_gb_content_width":"","content-type":"","inline_featured_image":false,"footnotes":""},"class_list":["post-388","page","type-page","status-publish","has-post-thumbnail","hentry"],"aioseo_notices":[],"_links":{"self":[{"href":"https:\/\/auto-prudente.com\/fr\/wp-json\/wp\/v2\/pages\/388","targetHints":{"allow":["GET"]}}],"collection":[{"href":"https:\/\/auto-prudente.com\/fr\/wp-json\/wp\/v2\/pages"}],"about":[{"href":"https:\/\/auto-prudente.com\/fr\/wp-json\/wp\/v2\/types\/page"}],"author":[{"embeddable":true,"href":"https:\/\/auto-prudente.com\/fr\/wp-json\/wp\/v2\/users\/1"}],"replies":[{"embeddable":true,"href":"https:\/\/auto-prudente.com\/fr\/wp-json\/wp\/v2\/comments?post=388"}],"version-history":[{"count":26,"href":"https:\/\/auto-prudente.com\/fr\/wp-json\/wp\/v2\/pages\/388\/revisions"}],"predecessor-version":[{"id":3289,"href":"https:\/\/auto-prudente.com\/fr\/wp-json\/wp\/v2\/pages\/388\/revisions\/3289"}],"wp:featuredmedia":[{"embeddable":true,"href":"https:\/\/auto-prudente.com\/fr\/wp-json\/wp\/v2\/media\/1658"}],"wp:attachment":[{"href":"https:\/\/auto-prudente.com\/fr\/wp-json\/wp\/v2\/media?parent=388"}],"curies":[{"name":"wp","href":"https:\/\/api.w.org\/{rel}","templated":true}]}}