{"id":395,"date":"2022-02-18T11:02:16","date_gmt":"2022-02-18T11:02:16","guid":{"rendered":"https:\/\/auto-prudente.com\/confidentialite\/"},"modified":"2024-07-22T10:39:32","modified_gmt":"2024-07-22T10:39:32","slug":"confidentialite","status":"publish","type":"page","link":"https:\/\/auto-prudente.com\/fr\/confidentialite\/","title":{"rendered":"Politique de confidentialit\u00e9"},"content":{"rendered":"\n[et_pb_section fb_built=&#8221;1&#8243; _builder_version=&#8221;4.16&#8243; _module_preset=&#8221;default&#8221; background_image=&#8221;https:\/\/auto-prudente.com\/wp-content\/uploads\/2022\/02\/ap-bg05-hires.webp&#8221; height=&#8221;360px&#8221; height_tablet=&#8221;340px&#8221; height_phone=&#8221;300px&#8221; height_last_edited=&#8221;on|phone&#8221; da_disable_devices=&#8221;off|off|off&#8221; global_colors_info=&#8221;{}&#8221; da_is_popup=&#8221;off&#8221; da_exit_intent=&#8221;off&#8221; da_has_close=&#8221;on&#8221; da_alt_close=&#8221;off&#8221; da_dark_close=&#8221;off&#8221; da_not_modal=&#8221;on&#8221; da_is_singular=&#8221;off&#8221; da_with_loader=&#8221;off&#8221; da_has_shadow=&#8221;on&#8221;][\/et_pb_section][et_pb_section fb_built=&#8221;1&#8243; _builder_version=&#8221;4.16&#8243; _module_preset=&#8221;default&#8221; background_color=&#8221;RGBA(255,255,255,0)&#8221; custom_margin=&#8221;-34px||0px||false|false&#8221; custom_padding=&#8221;0px||0px||true|false&#8221; da_disable_devices=&#8221;off|off|off&#8221; border_width_bottom=&#8221;4px&#8221; border_color_bottom=&#8221;#F6B511&#8243; global_colors_info=&#8221;{}&#8221; da_is_popup=&#8221;off&#8221; da_exit_intent=&#8221;off&#8221; da_has_close=&#8221;on&#8221; da_alt_close=&#8221;off&#8221; da_dark_close=&#8221;off&#8221; da_not_modal=&#8221;on&#8221; da_is_singular=&#8221;off&#8221; da_with_loader=&#8221;off&#8221; da_has_shadow=&#8221;on&#8221;][et_pb_row _builder_version=&#8221;4.16&#8243; _module_preset=&#8221;default&#8221; background_color=&#8221;RGBA(255,255,255,0)&#8221; width=&#8221;90%&#8221; custom_margin=&#8221;||0px||false|false&#8221; custom_padding=&#8221;0px||0px||false|false&#8221; global_colors_info=&#8221;{}&#8221;][et_pb_column type=&#8221;4_4&#8243; _builder_version=&#8221;4.16&#8243; _module_preset=&#8221;default&#8221; background_enable_color=&#8221;off&#8221; custom_padding=&#8221;||0px||false|false&#8221; global_colors_info=&#8221;{}&#8221;][et_pb_text module_id=&#8221;page-title&#8221; _builder_version=&#8221;4.18.0&#8243; _module_preset=&#8221;default&#8221; header_line_height=&#8221;1.3em&#8221; header_2_font=&#8221;|600|||||||&#8221; header_2_text_color=&#8221;#FFFFFF&#8221; header_2_letter_spacing=&#8221;0.05rem&#8221; header_2_line_height=&#8221;1.2em&#8221; transform_scale=&#8221;100%|100%&#8221; width_last_edited=&#8221;off|phone&#8221; custom_margin=&#8221;||0px||false|false&#8221; custom_padding=&#8221;||0px||false|false&#8221; custom_css_main_element=&#8221;display:flex!important;&#8221; border_radii=&#8221;off|0.25rem|0.25rem||&#8221; global_colors_info=&#8221;{}&#8221;]<h2>POLITIQUE DE CONFIDENTIALIT\u00c9<\/h2>[\/et_pb_text][\/et_pb_column][\/et_pb_row][\/et_pb_section][et_pb_section fb_built=&#8221;1&#8243; _builder_version=&#8221;4.16&#8243; _module_preset=&#8221;default&#8221; background_color=&#8221;RGBA(255,255,255,0)&#8221; custom_padding=&#8221;0px|||||&#8221; da_disable_devices=&#8221;off|off|off&#8221; global_colors_info=&#8221;{}&#8221; da_is_popup=&#8221;off&#8221; da_exit_intent=&#8221;off&#8221; da_has_close=&#8221;on&#8221; da_alt_close=&#8221;off&#8221; da_dark_close=&#8221;off&#8221; da_not_modal=&#8221;on&#8221; da_is_singular=&#8221;off&#8221; da_with_loader=&#8221;off&#8221; da_has_shadow=&#8221;on&#8221;][et_pb_row _builder_version=&#8221;4.16&#8243; _module_preset=&#8221;default&#8221; width=&#8221;90%&#8221; custom_padding=&#8221;0px||0px||false|false&#8221; box_shadow_style=&#8221;preset3&#8243; global_colors_info=&#8221;{}&#8221;][et_pb_column type=&#8221;4_4&#8243; _builder_version=&#8221;4.16&#8243; _module_preset=&#8221;default&#8221; background_color=&#8221;#FFFFFF&#8221; custom_padding=&#8221;1rem|3rem|1rem|3rem|true|true&#8221; global_colors_info=&#8221;{}&#8221;][et_pb_text _builder_version=&#8221;4.18.0&#8243; _module_preset=&#8221;default&#8221; header_3_font=&#8221;|600|||||||&#8221; header_3_text_color=&#8221;#009CB6&#8243; header_3_font_size=&#8221;25px&#8221; header_3_line_height=&#8221;1.3em&#8221; transform_scale=&#8221;100%|100%&#8221; custom_margin=&#8221;20px||||false|false&#8221; border_width_bottom=&#8221;1px&#8221; border_color_bottom=&#8221;#009CB6&#8243; global_colors_info=&#8221;{}&#8221;]<h3>Informations consommateurs:<\/h3>[\/et_pb_text][et_pb_text _builder_version=&#8221;4.18.0&#8243; _module_preset=&#8221;default&#8221; transform_scale=&#8221;100%|100%&#8221; global_colors_info=&#8221;{}&#8221;]<p>Conform\u00e9ment \u00e0 la l\u00e9gislation sur la consommation 144\/2015, act. 18, entr\u00e9e en vigueur le 8 septembre, les entit\u00e9s de r\u00e8glement des litiges en mati\u00e8re de consommation, comme suit:<\/p>\n<p class=\"mb-5\">DISTRICT DE FARO &#8211; Centre d&#8217;information, de m\u00e9diation et d&#8217;arbitrage pour les litiges de consommation en Algarve<br><a href=\"http:\/\/www.consumoalgarve.pt\/\" target=\"_blank\" rel=\"noopener\">www.consumoalgarve.pt<\/a><br>Ninho de Empresas, Edif. ANJE Estrada da Penha, 3\u00ba andar, sala 26 8000 Faro<br>T\u00e9l\u00e9phone: 289 823 135 Email:<span> <\/span><a href=\"mailto:apoio@consumidoronline.pt\">apoio@consumidoronline.pt<\/a><\/p>[\/et_pb_text][et_pb_text _builder_version=&#8221;4.18.0&#8243; _module_preset=&#8221;default&#8221; header_3_font=&#8221;|600|||||||&#8221; header_3_text_color=&#8221;#009CB6&#8243; header_3_font_size=&#8221;25px&#8221; header_3_line_height=&#8221;1.3em&#8221; transform_scale=&#8221;100%|100%&#8221; border_width_bottom=&#8221;1px&#8221; border_color_bottom=&#8221;#009CB6&#8243; global_colors_info=&#8221;{}&#8221;]<h3>Traitement des donn\u00e9es personnelles<\/h3>[\/et_pb_text][et_pb_text _builder_version=&#8221;4.18.0&#8243; _module_preset=&#8221;default&#8221; text_line_height=&#8221;1.8em&#8221; ol_font_size=&#8221;16px&#8221; ol_line_height=&#8221;1.8em&#8221; transform_scale=&#8221;100%|100%&#8221; custom_margin=&#8221;||20px||false|false&#8221; hover_enabled=&#8221;0&#8243; global_colors_info=&#8221;{}&#8221; sticky_enabled=&#8221;0&#8243;]<p><strong>RGPD &#8211; 2016\/679 (UE)<\/strong><\/p>\n<p><strong><\/strong><\/p>\n<ol class=\"pl-3 pl-md-4\">\n<li>Au d\u00e9but du Contrat, le Client \/ Locataire doit fournir ses informations personnelles et les informations personnelles du conducteur \u00e0 des fins d&#8217;identification, autorisant express\u00e9ment Auto Prudente de Rent a Car sans chauffeur, Unipessoal Lda \u00e0 traiter les donn\u00e9es.<\/li>\n<li>Conform\u00e9ment au R\u00e8glement (UE) 2016\/679 du Parlement europ\u00e9en du 27 avril 2016 (RGPD), Auto Prudente informe ses clients que:<br><br>\n<ol class=\"pl-2 pl-md-3\">\n<li><a href=\"https:\/\/auto-prudente.com\/fr\/\">Auto Prudente<\/a>, Location de voitures sans chauffeur, Unipessoal Lda, bas\u00e9e \u00e0 Estrada de Santa Eul\u00e1lia, Edifio Ondas do Mar Loja E, Areias de S\u00e3o Jo\u00e3o, 8200-269 Albufeira, est l&#8217;entit\u00e9 responsable du traitement des donn\u00e9es personnelles fournies dans le cadre de la Contrat;<\/li>\n<li>Conform\u00e9ment au point b) de l&#8217;article 6 du RGPD, le traitement des donn\u00e9es personnelles a pour finalit\u00e9 la conclusion du contrat de location fourni au client;<\/li>\n<li>Conform\u00e9ment au point c) du no. 1 de l&#8217;article 6 du RGPD les donn\u00e9es personnelles peuvent \u00eatre transmises \u00e0 des tiers chaque fois que cela est n\u00e9cessaire pour assurer le respect des obligations l\u00e9gales auxquelles Auto Prudente Rent a Car est soumise, \u00e0 savoir les autorit\u00e9s judiciaires, les organes de police criminelle, les autorit\u00e9s fiscales et douani\u00e8res et les organismes de r\u00e9glementation;<\/li>\n<li>Les donn\u00e9es personnelles ne peuvent \u00eatre trait\u00e9es \u00e0 d&#8217;autres fins qu&#8217;avec le consentement expr\u00e8s de la personne concern\u00e9e d&#8217;Auto Prudente Rent a Car;<\/li>\n<li>Auto Prudente doit conserver les donn\u00e9es personnelles pendant la dur\u00e9e n\u00e9cessaire \u00e0 la fourniture du service, \u00e0 la facturation et au respect des obligations l\u00e9gales;<\/li>\n<\/ol>\n<\/li>\n<li>La personne concern\u00e9e a toujours le droit de:<br><br>\n<ol class=\"pl-3 pl-md-4\">\n<li>Acc\u00e8s aux donn\u00e9es dans les limites du contrat et du RGPD;<\/li>\n<li>Modifier et s&#8217;opposer au traitement respectif des donn\u00e9es;<\/li>\n<li>Opter pour le traitement automatique des donn\u00e9es;<\/li>\n<li>Retirer son consentement;<\/li>\n<li>Demander l&#8217;effacement de vos donn\u00e9es et exercer vos droits personnels en vertu de la l\u00e9gislation en vigueur (\u00e0 l&#8217;exception des donn\u00e9es indispensables \u00e0 l&#8217;ex\u00e9cution du contrat de location et, par cons\u00e9quent, obligatoires, ainsi que le respect des obligations l\u00e9gales auxquelles Auto Prudente est soumise)<\/li>\n<\/ol>\n<\/li>\n<li>En cas de retrait du consentement, la l\u00e9gitimit\u00e9 des traitements de donn\u00e9es effectu\u00e9s avant cette date n&#8217;est pas compromise.<\/li>\n<li>En vertu du RGPD, la personne concern\u00e9e a le droit d&#8217;\u00eatre inform\u00e9e si une violation de ses donn\u00e9es personnelles devient susceptible de pr\u00e9senter un risque \u00e9lev\u00e9 pour les droits et libert\u00e9s, et peut d\u00e9poser des r\u00e9clamations aupr\u00e8s des autorit\u00e9s comp\u00e9tentes.<\/li>\n<li>Les donn\u00e9es personnelles peuvent \u00eatre transmises \u00e0 des tiers qui fournissent des services \u00e0 Auto Prudente chaque fois que ces services impliquent la communication de donn\u00e9es contenues dans le contrat de location.<\/li>\n<\/ol>[\/et_pb_text][\/et_pb_column][\/et_pb_row][\/et_pb_section]\n","protected":false},"excerpt":{"rendered":"<p>POLITIQUE DE CONFIDENTIALIT\u00c9Informations consommateurs:Conform\u00e9ment \u00e0 la l\u00e9gislation sur la consommation 144\/2015, act. 18, entr\u00e9e en vigueur le 8 septembre, les entit\u00e9s de r\u00e8glement des litiges en mati\u00e8re de consommation, comme suit: DISTRICT DE FARO &#8211; Centre d&#8217;information, de m\u00e9diation et d&#8217;arbitrage pour les litiges de consommation en Algarvewww.consumoalgarve.ptNinho de Empresas, Edif. ANJE Estrada da Penha, [&hellip;]<\/p>\n","protected":false},"author":1,"featured_media":1658,"parent":0,"menu_order":0,"comment_status":"closed","ping_status":"closed","template":"","meta":{"_et_pb_use_builder":"on","_et_pb_old_content":"","_et_gb_content_width":"","content-type":"","inline_featured_image":false,"footnotes":""},"class_list":["post-395","page","type-page","status-publish","has-post-thumbnail","hentry"],"aioseo_notices":[],"_links":{"self":[{"href":"https:\/\/auto-prudente.com\/fr\/wp-json\/wp\/v2\/pages\/395","targetHints":{"allow":["GET"]}}],"collection":[{"href":"https:\/\/auto-prudente.com\/fr\/wp-json\/wp\/v2\/pages"}],"about":[{"href":"https:\/\/auto-prudente.com\/fr\/wp-json\/wp\/v2\/types\/page"}],"author":[{"embeddable":true,"href":"https:\/\/auto-prudente.com\/fr\/wp-json\/wp\/v2\/users\/1"}],"replies":[{"embeddable":true,"href":"https:\/\/auto-prudente.com\/fr\/wp-json\/wp\/v2\/comments?post=395"}],"version-history":[{"count":13,"href":"https:\/\/auto-prudente.com\/fr\/wp-json\/wp\/v2\/pages\/395\/revisions"}],"predecessor-version":[{"id":3205,"href":"https:\/\/auto-prudente.com\/fr\/wp-json\/wp\/v2\/pages\/395\/revisions\/3205"}],"wp:featuredmedia":[{"embeddable":true,"href":"https:\/\/auto-prudente.com\/fr\/wp-json\/wp\/v2\/media\/1658"}],"wp:attachment":[{"href":"https:\/\/auto-prudente.com\/fr\/wp-json\/wp\/v2\/media?parent=395"}],"curies":[{"name":"wp","href":"https:\/\/api.w.org\/{rel}","templated":true}]}}